{"id":9,"date":"2017-01-12T14:42:08","date_gmt":"2017-01-12T13:42:08","guid":{"rendered":"http:\/\/derteibinger.at\/wordpress\/?page_id=9"},"modified":"2017-01-16T22:44:09","modified_gmt":"2017-01-16T21:44:09","slug":"derberater","status":"publish","type":"page","link":"https:\/\/derteibinger.at\/wordpress\/derberater\/","title":{"rendered":"der:Berater"},"content":{"rendered":"<p><img data-attachment-id=\"56\" data-permalink=\"https:\/\/derteibinger.at\/wordpress\/derberater\/derberater_rgb\/\" data-orig-file=\"https:\/\/i0.wp.com\/derteibinger.at\/wordpress\/wp-content\/uploads\/2017\/01\/derBERATER_RGB.png?fit=169%2C23&amp;ssl=1\" data-orig-size=\"169,23\" data-comments-opened=\"1\" data-image-meta=\"{&quot;aperture&quot;:&quot;0&quot;,&quot;credit&quot;:&quot;&quot;,&quot;camera&quot;:&quot;&quot;,&quot;caption&quot;:&quot;&quot;,&quot;created_timestamp&quot;:&quot;0&quot;,&quot;copyright&quot;:&quot;&quot;,&quot;focal_length&quot;:&quot;0&quot;,&quot;iso&quot;:&quot;0&quot;,&quot;shutter_speed&quot;:&quot;0&quot;,&quot;title&quot;:&quot;&quot;,&quot;orientation&quot;:&quot;0&quot;}\" data-image-title=\"derBERATER_RGB\" data-image-description=\"\" data-image-caption=\"\" data-medium-file=\"https:\/\/i0.wp.com\/derteibinger.at\/wordpress\/wp-content\/uploads\/2017\/01\/derBERATER_RGB.png?fit=169%2C23&amp;ssl=1\" data-large-file=\"https:\/\/i0.wp.com\/derteibinger.at\/wordpress\/wp-content\/uploads\/2017\/01\/derBERATER_RGB.png?fit=169%2C23&amp;ssl=1\" loading=\"lazy\" class=\"size-full wp-image-56 aligncenter\" src=\"https:\/\/i0.wp.com\/derteibinger.at\/wordpress\/wp-content\/uploads\/2017\/01\/derBERATER_RGB.png?resize=169%2C23\" alt=\"\" width=\"169\" height=\"23\"  data-recalc-dims=\"1\"><\/p>\n<div id=\"metaslider-id-146\" style=\"max-width: 600px; margin: 0 auto;\" class=\"ml-slider-3-27-5 metaslider metaslider-flex metaslider-146 ml-slider\">\n    <div id=\"metaslider_container_146\">\n        <div id=\"metaslider_146\">\n            <ul aria-live=\"polite\" class=\"slides\">\n                <li style=\"display: block; width: 100%;\" class=\"slide-148 ms-image\"><img src=\"https:\/\/i0.wp.com\/derteibinger.at\/wordpress\/wp-content\/uploads\/2017\/01\/IMAG1374.jpg?resize=600%2C300&#038;ssl=1\" height=\"300\" width=\"600\" alt=\"\" class=\"slider-146 slide-148\" data-recalc-dims=\"1\" \/><\/li>\n                <li style=\"display: none; width: 100%;\" class=\"slide-151 ms-image\"><img src=\"https:\/\/i0.wp.com\/derteibinger.at\/wordpress\/wp-content\/uploads\/2017\/01\/IMG_0497.jpg?resize=600%2C300&#038;ssl=1\" height=\"300\" width=\"600\" alt=\"\" class=\"slider-146 slide-151\" data-recalc-dims=\"1\" \/><\/li>\n                <li style=\"display: none; width: 100%;\" class=\"slide-149 ms-image\"><img src=\"https:\/\/i0.wp.com\/derteibinger.at\/wordpress\/wp-content\/uploads\/2017\/01\/IMAG1471.jpg?resize=600%2C300&#038;ssl=1\" height=\"300\" width=\"600\" alt=\"\" class=\"slider-146 slide-149\" data-recalc-dims=\"1\" \/><\/li>\n                <li style=\"display: none; width: 100%;\" class=\"slide-147 ms-image\"><img src=\"https:\/\/i0.wp.com\/derteibinger.at\/wordpress\/wp-content\/uploads\/2017\/01\/IMG_4914.jpg?resize=600%2C300&#038;ssl=1\" height=\"300\" width=\"600\" alt=\"\" class=\"slider-146 slide-147\" data-recalc-dims=\"1\" \/><\/li>\n                <li style=\"display: none; width: 100%;\" class=\"slide-150 ms-image\"><img src=\"https:\/\/i0.wp.com\/derteibinger.at\/wordpress\/wp-content\/uploads\/2017\/01\/IMG_0012.jpg?resize=600%2C300&#038;ssl=1\" height=\"300\" width=\"600\" alt=\"\" class=\"slider-146 slide-150\" data-recalc-dims=\"1\" \/><\/li>\n            <\/ul>\n        <\/div>\n        \n    <\/div>\n<\/div>\n<p>&nbsp;<\/p>\n<p>Beratung zu bauphysikalischen und holzbautechnischen Fragestellungen und Unterst\u00fctzung bei Forschungsprojekten.<\/p>\n<p>Ich biete in Kooperation mit der <a href=\"http:\/\/www.camillo-sitte-lehranstalt.at\" target=\"_blank\">Versuchsanstalt Camillo Sitte Lehranstalt <\/a>folgende T\u00e4tigkeiten an:<\/p>\n<ul>\n<li>Blower Door Messungen<\/li>\n<li>Infrarot-Thermografie von Geb\u00e4uden<\/li>\n<li>Bauakustische Messungen bei Geb\u00e4uden (Luft-, Trittschalld\u00e4mmung)<\/li>\n<li>Hygrothermische Simulationen mit WUFI<\/li>\n<li>Brandschutztechnische Beratung zum Feuerwiderstand und Ausf\u00fchrungsdetails von Holzkonstruktionen, sowie zu Brandschutzkonzepten<\/li>\n<li>Bauphysikalische, holzschutz- und holzbautechnische Beratung zu mehrgeschossigen Holz- und Hybridkonstruktionen und deren Anschlussdetails<\/li>\n<\/ul>\n","protected":false},"excerpt":{"rendered":"<p>&nbsp; Beratung zu bauphysikalischen und holzbautechnischen Fragestellungen und Unterst\u00fctzung bei Forschungsprojekten. Ich biete in Kooperation mit der Versuchsanstalt Camillo Sitte Lehranstalt folgende T\u00e4tigkeiten an: Blower Door Messungen Infrarot-Thermografie von Geb\u00e4uden Bauakustische Messungen bei Geb\u00e4uden (Luft-, Trittschalld\u00e4mmung) Hygrothermische Simulationen mit WUFI &hellip; <a href=\"https:\/\/derteibinger.at\/wordpress\/derberater\/\">Weiterlesen <span class=\"meta-nav\">&rarr;<\/span><\/a><\/p>\n","protected":false},"author":2,"featured_media":0,"parent":0,"menu_order":0,"comment_status":"closed","ping_status":"closed","template":"","meta":{"ngg_post_thumbnail":0,"jetpack_post_was_ever_published":false},"jetpack_sharing_enabled":true,"jetpack_shortlink":"https:\/\/wp.me\/P8k7pI-9","jetpack-related-posts":[{"id":13,"url":"https:\/\/derteibinger.at\/wordpress\/derausbildner\/","url_meta":{"origin":9,"position":0},"title":"der:Ausbildner","date":"12. Januar 2017","format":false,"excerpt":"Die Freude am Vermitteln von Wissen an Jung und Alt begleitet mich schon viele Jahre und hat mein Leben positiv beeinflusst. Lehrt\u00e4tigkeit: Unterricht und Lehre seit 2004 in den F\u00e4chern Bauphysik, Brandschutz, Holzbau, hygrothermische Simulationen, Detailausf\u00fchrung und Konstruktion sowie Gestaltung und Baukultur an folgenden Ausbildungsst\u00e4tten (aktueller Stand in alphabetischer Reihenfolge):\u2026","rel":"","context":"\u00c4hnlicher Beitrag","img":{"alt_text":"","src":"","width":0,"height":0},"classes":[]},{"id":19,"url":"https:\/\/derteibinger.at\/wordpress\/derfachautor\/","url_meta":{"origin":9,"position":1},"title":"der:Fachautor","date":"12. Januar 2017","format":false,"excerpt":"Neben der Ver\u00f6ffentlichung der Forschungsergebnisse in Forschungsberichten und Fachjournals ist es wichtig, die neuen Erkenntnisse aus der Forschung zusammen mit praktischen Erfahrungen aus der Gutachtert\u00e4tigkeit zielgruppengerecht zu ver\u00f6ffentlichen. Diesen Grundsatz setzte ich sowohl bei Planungsbrosch\u00fcren der Holzforschung Austria\u00a0und ProHolz als auch als Autor und Coautor bei Fachb\u00fcchern um.\u00a0 Im Laufe\u2026","rel":"","context":"\u00c4hnlicher Beitrag","img":{"alt_text":"","src":"","width":0,"height":0},"classes":[]},{"id":23,"url":"https:\/\/derteibinger.at\/wordpress\/derteibinger\/","url_meta":{"origin":9,"position":2},"title":"der:Teibinger","date":"12. Januar 2017","format":false,"excerpt":"Dipl.-Ing. Dr. Martin Teibinge E-Mail: office@derteibinger.at Telefon: 0043681 840 854 60 Ausbildung: 1992-1999\u00a0 BOKU Wien, Studienrichtung Holzwirtschaft 1997-1999\u00a0 TU Wien, Studienrichtung Bauingenieurwesen\u00a0Schwerpunkte: Holzbau, Stahlbau, Bauphysik, Bauschadensvermeidung 2002-2004\u00a0 Doktoratstudium an der TU Wien mit Auszeichnung abgeschlossen Beruflicher Werdegang: 1991-1996\u00a0 diverse Praktika im Bereich der holzverarbeitenden Industrie sowie bei Ingenieurb\u00fcros 1996-2016\u00a0 wissenschaftlicher\u2026","rel":"","context":"\u00c4hnlicher Beitrag","img":{"alt_text":"","src":"","width":0,"height":0},"classes":[]},{"id":126,"url":"https:\/\/derteibinger.at\/wordpress\/dervortragende\/","url_meta":{"origin":9,"position":3},"title":"der:Vortragende","date":"12. Januar 2017","format":false,"excerpt":"Die Vortragst\u00e4tigkeit begleitet mich seit \u00fcber zwei Jahrzehnten. Mit Abwechslung, einer Spur Humor und jahrelanger Routine versuche ich meine Begeisterung dem Publikum zu vermitteln. Die Einladungen zu nationalen und internationalen Kongressen reichen von Alpbach \u00fcber Garmisch bis Tokio und Z\u00fcrich. Auszug von Vortr\u00e4gen auf Fachveranstaltungen (in alphabetischer Reihenfolge): Aachener Bausachverst\u00e4ndigentage:\u2026","rel":"","context":"\u00c4hnlicher Beitrag","img":{"alt_text":"","src":"","width":0,"height":0},"classes":[]},{"id":21,"url":"https:\/\/derteibinger.at\/wordpress\/dernetzwerker\/","url_meta":{"origin":9,"position":4},"title":"der:Netzwerker","date":"12. Januar 2017","format":false,"excerpt":"Im Laufe der T\u00e4tigkeit der letzten Jahre konnte ich ein gro\u00dfes Netzwerk zu nationalen und internationalen Fachexperten aufbauen. Ein Erfahrungsaustausch unter Experten unterschiedlichster Disziplinen erm\u00f6glicht eine effiziente L\u00f6sung komplexer Problemstellungen. Wissenschaftlich-Technische Arbeitsgemeinschaft f\u00fcr Bauwerkserhaltung und Denkmalpflege e.V. (WTA): Referat 6 Bauphysik AG 6.1: Feuchtetechnische Bemessung von Holzkonstruktion Mitgliedschaft: Hauptverband der\u2026","rel":"","context":"\u00c4hnlicher Beitrag","img":{"alt_text":"","src":"","width":0,"height":0},"classes":[]},{"id":41,"url":"https:\/\/derteibinger.at\/wordpress\/impressum\/","url_meta":{"origin":9,"position":5},"title":"Impressum","date":"12. Januar 2017","format":false,"excerpt":"F\u00fcr Inhalt verantwortlich: Dr. Martin Teibinger Unternehmensgegenstand\/Fachgruppe(n): Inhaber und Gesellschafter: Dr. Martin Teibinger Tomaschekstra\u00dfe 24 1210 Wien E-Mail: Office@derTeibinger.at +43\/681\/840 854 60 Webdesign: Rudolf Schwab Haftungserkl\u00e4rung: Trotz sorgf\u00e4ltigster Recherche der Fakten und genauer Kontrollen ist es nicht auszuschlie\u00dfen, dass sich immer wieder Fehler bei der Wiedergabe der Texte einschleichen. Der\u2026","rel":"","context":"\u00c4hnlicher Beitrag","img":{"alt_text":"","src":"","width":0,"height":0},"classes":[]}],"_links":{"self":[{"href":"https:\/\/derteibinger.at\/wordpress\/wp-json\/wp\/v2\/pages\/9"}],"collection":[{"href":"https:\/\/derteibinger.at\/wordpress\/wp-json\/wp\/v2\/pages"}],"about":[{"href":"https:\/\/derteibinger.at\/wordpress\/wp-json\/wp\/v2\/types\/page"}],"author":[{"embeddable":true,"href":"https:\/\/derteibinger.at\/wordpress\/wp-json\/wp\/v2\/users\/2"}],"replies":[{"embeddable":true,"href":"https:\/\/derteibinger.at\/wordpress\/wp-json\/wp\/v2\/comments?post=9"}],"version-history":[{"count":7,"href":"https:\/\/derteibinger.at\/wordpress\/wp-json\/wp\/v2\/pages\/9\/revisions"}],"predecessor-version":[{"id":291,"href":"https:\/\/derteibinger.at\/wordpress\/wp-json\/wp\/v2\/pages\/9\/revisions\/291"}],"wp:attachment":[{"href":"https:\/\/derteibinger.at\/wordpress\/wp-json\/wp\/v2\/media?parent=9"}],"curies":[{"name":"wp","href":"https:\/\/api.w.org\/{rel}","templated":true}]}}