{"id":41,"date":"2017-01-12T14:50:24","date_gmt":"2017-01-12T13:50:24","guid":{"rendered":"http:\/\/derteibinger.at\/wordpress\/?page_id=41"},"modified":"2017-01-23T07:46:06","modified_gmt":"2017-01-23T06:46:06","slug":"impressum","status":"publish","type":"page","link":"https:\/\/derteibinger.at\/wordpress\/impressum\/","title":{"rendered":"Impressum"},"content":{"rendered":"<div>\n<p><strong>F\u00fcr Inhalt verantwortlich:<\/strong><br \/>\nDr. Martin Teibinger<\/p>\n<p><strong>Unternehmensgegenstand\/Fachgruppe(n):<\/strong><\/p>\n<p><strong>Inhaber und Gesellschafter:<\/strong><br \/>\nDr. Martin Teibinger<br \/>\nTomaschekstra\u00dfe 24<br \/>\n1210 Wien<br \/>\nE-Mail: <a href=\"m&#97;&#x69;&#x6c;&#x74;o&#58;&#79;&#x66;&#x66;i&#99;&#101;&#x40;&#x64;er&#84;&#x65;&#x69;&#x62;i&#110;&#x67;&#x65;&#x72;&#46;&#97;&#116;\">&#x4f;&#x66;&#x66;&#x69;&#99;&#101;&#64;de&#x72;&#x54;&#x65;&#x69;&#98;&#105;nge&#x72;&#x2e;&#x61;&#x74;<\/a><br \/>\n+43\/681\/840 854 60<\/p>\n<p><strong>Webdesign:<\/strong><br \/>\nRudolf Schwab<\/p>\n<p><strong>Haftungserkl\u00e4rung:<\/strong><br \/>\nTrotz sorgf\u00e4ltigster Recherche der Fakten und genauer Kontrollen ist es nicht auszuschlie\u00dfen, dass sich immer wieder Fehler bei der Wiedergabe der Texte einschleichen. Der Administrator erkl\u00e4rt daher ausdr\u00fccklich, dass er f\u00fcr die Richtigkeit der Zahlen und Texte keine wie immer geartete Haftung \u00fcbernimmt.<\/p>\n<p>\u00c4nderungen: Der Herausgeber beh\u00e4lt sich das Recht vor, Erg\u00e4nzungen und\/oder \u00c4nderungen der bereitgestellten Informationen, ohne vorherige Ank\u00fcndigung, vorzunehmen.<\/p>\n<p>Verweise und Links: Bei Verweisen und Links die direkt oder indirekt auf fremde Seiten au\u00dferhalb des Verantwortungsbereiches der Betreiber\/Autoren liegen bzw f\u00fcr alle deren Inhalte (fehlerhaft, unvollst\u00e4ndig, rufsch\u00e4digend, gewaltverherrlichend, illegal etc.) und insbesondere f\u00fcr Sch\u00e4den, die aus der Nutzung oder Nichtnutzung solcherart dargebotener Informationen entstehen, haftet allein der Anbieter der Seite, auf welchen verwiesen wurde.<\/p>\n<\/div>\n","protected":false},"excerpt":{"rendered":"<p>F\u00fcr Inhalt verantwortlich: Dr. Martin Teibinger Unternehmensgegenstand\/Fachgruppe(n): Inhaber und Gesellschafter: Dr. Martin Teibinger Tomaschekstra\u00dfe 24 1210 Wien E-Mail: &#79;f&#x66;i&#x63;e&#x40;&#100;&#x65;&#114;&#x54;&#101;i&#x62;i&#x6e;g&#x65;&#114;&#x2e;&#97;&#x74; +43\/681\/840 854 60 Webdesign: Rudolf Schwab Haftungserkl\u00e4rung: Trotz sorgf\u00e4ltigster Recherche der Fakten und genauer Kontrollen ist es nicht auszuschlie\u00dfen, dass sich &hellip; <a href=\"https:\/\/derteibinger.at\/wordpress\/impressum\/\">Weiterlesen <span class=\"meta-nav\">&rarr;<\/span><\/a><\/p>\n","protected":false},"author":2,"featured_media":0,"parent":0,"menu_order":0,"comment_status":"closed","ping_status":"closed","template":"","meta":{"ngg_post_thumbnail":0,"jetpack_post_was_ever_published":false},"jetpack_sharing_enabled":true,"jetpack_shortlink":"https:\/\/wp.me\/P8k7pI-F","jetpack-related-posts":[{"id":19,"url":"https:\/\/derteibinger.at\/wordpress\/derfachautor\/","url_meta":{"origin":41,"position":0},"title":"der:Fachautor","date":"12. Januar 2017","format":false,"excerpt":"Neben der Ver\u00f6ffentlichung der Forschungsergebnisse in Forschungsberichten und Fachjournals ist es wichtig, die neuen Erkenntnisse aus der Forschung zusammen mit praktischen Erfahrungen aus der Gutachtert\u00e4tigkeit zielgruppengerecht zu ver\u00f6ffentlichen. Diesen Grundsatz setzte ich sowohl bei Planungsbrosch\u00fcren der Holzforschung Austria\u00a0und ProHolz als auch als Autor und Coautor bei Fachb\u00fcchern um.\u00a0 Im Laufe\u2026","rel":"","context":"\u00c4hnlicher Beitrag","img":{"alt_text":"","src":"","width":0,"height":0},"classes":[]},{"id":37,"url":"https:\/\/derteibinger.at\/wordpress\/links\/","url_meta":{"origin":41,"position":1},"title":"Links","date":"12. Januar 2017","format":false,"excerpt":"Links Ausbildungsst\u00e4tten: Arch+Ing Akademie Donauuniversit\u00e4t Krems FH Salzburg HTL Wien 3 Camillo Sitte HTL Krems Technische Universit\u00e4t Wien Universit\u00e4t f\u00fcr Bodenkultur \u00dcberbau Akademie \u00a0 Forschungsinstitute- und Pr\u00fcfanstalten Akustik Center Austria Camillo Sitte Versuchsanstalt Holzforschung Austria \u00a0 Sonstige: Bau.Energie.Umwelt Cluster Nieder\u00f6sterreich Bauteilkatalog dataholz.com (Katalog bauphysikalisch, \u00f6kologisch gepr\u00fcfter und\/oder zugelassener Holz- und\u2026","rel":"","context":"\u00c4hnlicher Beitrag","img":{"alt_text":"","src":"","width":0,"height":0},"classes":[]},{"id":13,"url":"https:\/\/derteibinger.at\/wordpress\/derausbildner\/","url_meta":{"origin":41,"position":2},"title":"der:Ausbildner","date":"12. Januar 2017","format":false,"excerpt":"Die Freude am Vermitteln von Wissen an Jung und Alt begleitet mich schon viele Jahre und hat mein Leben positiv beeinflusst. Lehrt\u00e4tigkeit: Unterricht und Lehre seit 2004 in den F\u00e4chern Bauphysik, Brandschutz, Holzbau, hygrothermische Simulationen, Detailausf\u00fchrung und Konstruktion sowie Gestaltung und Baukultur an folgenden Ausbildungsst\u00e4tten (aktueller Stand in alphabetischer Reihenfolge):\u2026","rel":"","context":"\u00c4hnlicher Beitrag","img":{"alt_text":"","src":"","width":0,"height":0},"classes":[]},{"id":23,"url":"https:\/\/derteibinger.at\/wordpress\/derteibinger\/","url_meta":{"origin":41,"position":3},"title":"der:Teibinger","date":"12. Januar 2017","format":false,"excerpt":"Dipl.-Ing. Dr. Martin Teibinge E-Mail: office@derteibinger.at Telefon: 0043681 840 854 60 Ausbildung: 1992-1999\u00a0 BOKU Wien, Studienrichtung Holzwirtschaft 1997-1999\u00a0 TU Wien, Studienrichtung Bauingenieurwesen\u00a0Schwerpunkte: Holzbau, Stahlbau, Bauphysik, Bauschadensvermeidung 2002-2004\u00a0 Doktoratstudium an der TU Wien mit Auszeichnung abgeschlossen Beruflicher Werdegang: 1991-1996\u00a0 diverse Praktika im Bereich der holzverarbeitenden Industrie sowie bei Ingenieurb\u00fcros 1996-2016\u00a0 wissenschaftlicher\u2026","rel":"","context":"\u00c4hnlicher Beitrag","img":{"alt_text":"","src":"","width":0,"height":0},"classes":[]},{"id":21,"url":"https:\/\/derteibinger.at\/wordpress\/dernetzwerker\/","url_meta":{"origin":41,"position":4},"title":"der:Netzwerker","date":"12. Januar 2017","format":false,"excerpt":"Im Laufe der T\u00e4tigkeit der letzten Jahre konnte ich ein gro\u00dfes Netzwerk zu nationalen und internationalen Fachexperten aufbauen. Ein Erfahrungsaustausch unter Experten unterschiedlichster Disziplinen erm\u00f6glicht eine effiziente L\u00f6sung komplexer Problemstellungen. Wissenschaftlich-Technische Arbeitsgemeinschaft f\u00fcr Bauwerkserhaltung und Denkmalpflege e.V. (WTA): Referat 6 Bauphysik AG 6.1: Feuchtetechnische Bemessung von Holzkonstruktion Mitgliedschaft: Hauptverband der\u2026","rel":"","context":"\u00c4hnlicher Beitrag","img":{"alt_text":"","src":"","width":0,"height":0},"classes":[]},{"id":9,"url":"https:\/\/derteibinger.at\/wordpress\/derberater\/","url_meta":{"origin":41,"position":5},"title":"der:Berater","date":"12. Januar 2017","format":false,"excerpt":"\u00a0 Beratung zu bauphysikalischen und holzbautechnischen Fragestellungen und Unterst\u00fctzung bei Forschungsprojekten. Ich biete in Kooperation mit der Versuchsanstalt Camillo Sitte Lehranstalt folgende T\u00e4tigkeiten an: Blower Door Messungen Infrarot-Thermografie von Geb\u00e4uden Bauakustische Messungen bei Geb\u00e4uden (Luft-, Trittschalld\u00e4mmung) Hygrothermische Simulationen mit WUFI Brandschutztechnische Beratung zum Feuerwiderstand und Ausf\u00fchrungsdetails von Holzkonstruktionen, sowie zu\u2026","rel":"","context":"\u00c4hnlicher Beitrag","img":{"alt_text":"","src":"","width":0,"height":0},"classes":[]}],"_links":{"self":[{"href":"https:\/\/derteibinger.at\/wordpress\/wp-json\/wp\/v2\/pages\/41"}],"collection":[{"href":"https:\/\/derteibinger.at\/wordpress\/wp-json\/wp\/v2\/pages"}],"about":[{"href":"https:\/\/derteibinger.at\/wordpress\/wp-json\/wp\/v2\/types\/page"}],"author":[{"embeddable":true,"href":"https:\/\/derteibinger.at\/wordpress\/wp-json\/wp\/v2\/users\/2"}],"replies":[{"embeddable":true,"href":"https:\/\/derteibinger.at\/wordpress\/wp-json\/wp\/v2\/comments?post=41"}],"version-history":[{"count":6,"href":"https:\/\/derteibinger.at\/wordpress\/wp-json\/wp\/v2\/pages\/41\/revisions"}],"predecessor-version":[{"id":325,"href":"https:\/\/derteibinger.at\/wordpress\/wp-json\/wp\/v2\/pages\/41\/revisions\/325"}],"wp:attachment":[{"href":"https:\/\/derteibinger.at\/wordpress\/wp-json\/wp\/v2\/media?parent=41"}],"curies":[{"name":"wp","href":"https:\/\/api.w.org\/{rel}","templated":true}]}}