{"id":37,"date":"2017-01-12T14:50:03","date_gmt":"2017-01-12T13:50:03","guid":{"rendered":"http:\/\/derteibinger.at\/wordpress\/?page_id=37"},"modified":"2017-01-23T07:17:22","modified_gmt":"2017-01-23T06:17:22","slug":"links","status":"publish","type":"page","link":"https:\/\/derteibinger.at\/wordpress\/links\/","title":{"rendered":"Links"},"content":{"rendered":"<h3 style=\"text-align: center;\">Links<\/h3>\n<p><strong>Ausbildungsst\u00e4tten:<\/strong><\/p>\n<ul>\n<li><a href=\"http:\/\/www.archingakademie.at\" target=\"_blank\">Arch+Ing Akademie<\/a><\/li>\n<li><a href=\"http:\/\/www.donau-uni.ac.at\" target=\"_blank\">Donauuniversit\u00e4t Krems<\/a><\/li>\n<li><a href=\"http:\/\/www.fh-salzburg.ac.at\" target=\"_blank\">FH Salzburg<\/a><\/li>\n<li><a href=\"http:\/\/www.camillo-sitte-lehranstalt.at\" target=\"_blank\">HTL Wien 3 Camillo Sitte<\/a><\/li>\n<li><a href=\"http:\/\/www.htlkrems.ac.at\" target=\"_blank\">HTL Krems<\/a><\/li>\n<li><a href=\"https:\/\/www.tuwien.ac.at\" target=\"_blank\">Technische Universit\u00e4t Wien<\/a><\/li>\n<li><a href=\"https:\/\/www.boku.ac.at\" target=\"_blank\">Universit\u00e4t f\u00fcr Bodenkultur<\/a><\/li>\n<li><a href=\"http:\/\/www.ueberbau.at\/\" target=\"_blank\">\u00dcberbau Akademie<\/a><\/li>\n<\/ul>\n<p><strong>&nbsp;<\/strong><\/p>\n<p><strong>Forschungsinstitute- und Pr\u00fcfanstalten<\/strong><\/p>\n<ul>\n<li><a href=\"http:\/\/www.holzforschung.at\/akustikcenteraustria.html\" target=\"_blank\">Akustik Center Austria<\/a><\/li>\n<li><a href=\"http:\/\/www.camillo-sitte-lehranstalt.at\" target=\"_blank\">Camillo Sitte Versuchsanstalt<\/a><\/li>\n<li><a href=\"http:\/\/www.holzforschung.at\" target=\"_blank\">Holzforschung Austria<\/a><\/li>\n<\/ul>\n<p><strong>&nbsp;<\/strong><\/p>\n<p><strong>Sonstige:<\/strong><\/p>\n<ul>\n<li><a href=\"http:\/\/www.ecoplus.at\/de\/ecoplus\/cluster-niederoesterreich\/bau-energie-umwelt\" target=\"_blank\">Bau.Energie.Umwelt Cluster Nieder\u00f6sterreich <\/a><\/li>\n<li><a href=\"http:\/\/www.dataholz.com\" target=\"_blank\">Bauteilkatalog dataholz.com (Katalog bauphysikalisch, \u00f6kologisch gepr\u00fcfter und\/oder zugelassener Holz- und Holzwerkstoffe, Baustoffe, Bauteile und Bauteilanschl\u00fcsse) <\/a><\/li>\n<li><a href=\"http:\/\/www.fst.at\" target=\"_blank\">FireSafetyTeam GmbH <\/a><\/li>\n<li><a href=\"http:\/\/www.gerichts-sv.at\/\" target=\"_blank\">Hauptverband der allgemein beeideten und gerichtlich zertifizierten Sachverst\u00e4ndigen \u00d6sterreichs <\/a><\/li>\n<li><a href=\"http:\/\/www.hollinsky.at\" target=\"_blank\">Hollinsky &amp; Partner Ziviltechnikergesellschaft<\/a><\/li>\n<li><a href=\"http:\/\/www.kurtpock.at\/\" target=\"_blank\">Ingenieurkonsulent Kurt Pock<\/a><\/li>\n<li><a href=\"http:\/\/www.oib.or.at\" target=\"_blank\">\u00d6sterreichisches Institut f\u00fcr Bautechnik<\/a><\/li>\n<li><a href=\"https:\/\/www.austrian-standards.at\/\" target=\"_blank\">\u00d6sterreichisches Normungsinstitut<\/a><\/li>\n<li><a href=\"http:\/\/www.proholz.at\" target=\"_blank\">Proholz Arbeitsgemeinschaft der \u00f6sterreichischen Holzwirtschaft <\/a><\/li>\n<li><a href=\"http:\/\/www.wta-international.org\/\" target=\"_blank\">Wissenschaftlich-technische Arbeitsgemeinschaft f\u00fcr Bauwerkserhaltung und Denkmalpflege e.V. (WTA) <\/a><\/li>\n<\/ul>\n","protected":false},"excerpt":{"rendered":"<p>Links Ausbildungsst\u00e4tten: Arch+Ing Akademie Donauuniversit\u00e4t Krems FH Salzburg HTL Wien 3 Camillo Sitte HTL Krems Technische Universit\u00e4t Wien Universit\u00e4t f\u00fcr Bodenkultur \u00dcberbau Akademie &nbsp; Forschungsinstitute- und Pr\u00fcfanstalten Akustik Center Austria Camillo Sitte Versuchsanstalt Holzforschung Austria &nbsp; Sonstige: Bau.Energie.Umwelt Cluster Nieder\u00f6sterreich &hellip; <a href=\"https:\/\/derteibinger.at\/wordpress\/links\/\">Weiterlesen <span class=\"meta-nav\">&rarr;<\/span><\/a><\/p>\n","protected":false},"author":2,"featured_media":0,"parent":0,"menu_order":0,"comment_status":"closed","ping_status":"closed","template":"","meta":{"ngg_post_thumbnail":0,"jetpack_post_was_ever_published":false},"jetpack_sharing_enabled":true,"jetpack_shortlink":"https:\/\/wp.me\/P8k7pI-B","jetpack-related-posts":[{"id":13,"url":"https:\/\/derteibinger.at\/wordpress\/derausbildner\/","url_meta":{"origin":37,"position":0},"title":"der:Ausbildner","date":"12. Januar 2017","format":false,"excerpt":"Die Freude am Vermitteln von Wissen an Jung und Alt begleitet mich schon viele Jahre und hat mein Leben positiv beeinflusst. Lehrt\u00e4tigkeit: Unterricht und Lehre seit 2004 in den F\u00e4chern Bauphysik, Brandschutz, Holzbau, hygrothermische Simulationen, Detailausf\u00fchrung und Konstruktion sowie Gestaltung und Baukultur an folgenden Ausbildungsst\u00e4tten (aktueller Stand in alphabetischer Reihenfolge):\u2026","rel":"","context":"\u00c4hnlicher Beitrag","img":{"alt_text":"","src":"","width":0,"height":0},"classes":[]},{"id":23,"url":"https:\/\/derteibinger.at\/wordpress\/derteibinger\/","url_meta":{"origin":37,"position":1},"title":"der:Teibinger","date":"12. Januar 2017","format":false,"excerpt":"Dipl.-Ing. Dr. Martin Teibinge E-Mail: office@derteibinger.at Telefon: 0043681 840 854 60 Ausbildung: 1992-1999\u00a0 BOKU Wien, Studienrichtung Holzwirtschaft 1997-1999\u00a0 TU Wien, Studienrichtung Bauingenieurwesen\u00a0Schwerpunkte: Holzbau, Stahlbau, Bauphysik, Bauschadensvermeidung 2002-2004\u00a0 Doktoratstudium an der TU Wien mit Auszeichnung abgeschlossen Beruflicher Werdegang: 1991-1996\u00a0 diverse Praktika im Bereich der holzverarbeitenden Industrie sowie bei Ingenieurb\u00fcros 1996-2016\u00a0 wissenschaftlicher\u2026","rel":"","context":"\u00c4hnlicher Beitrag","img":{"alt_text":"","src":"","width":0,"height":0},"classes":[]},{"id":19,"url":"https:\/\/derteibinger.at\/wordpress\/derfachautor\/","url_meta":{"origin":37,"position":2},"title":"der:Fachautor","date":"12. Januar 2017","format":false,"excerpt":"Neben der Ver\u00f6ffentlichung der Forschungsergebnisse in Forschungsberichten und Fachjournals ist es wichtig, die neuen Erkenntnisse aus der Forschung zusammen mit praktischen Erfahrungen aus der Gutachtert\u00e4tigkeit zielgruppengerecht zu ver\u00f6ffentlichen. Diesen Grundsatz setzte ich sowohl bei Planungsbrosch\u00fcren der Holzforschung Austria\u00a0und ProHolz als auch als Autor und Coautor bei Fachb\u00fcchern um.\u00a0 Im Laufe\u2026","rel":"","context":"\u00c4hnlicher Beitrag","img":{"alt_text":"","src":"","width":0,"height":0},"classes":[]},{"id":41,"url":"https:\/\/derteibinger.at\/wordpress\/impressum\/","url_meta":{"origin":37,"position":3},"title":"Impressum","date":"12. Januar 2017","format":false,"excerpt":"F\u00fcr Inhalt verantwortlich: Dr. Martin Teibinger Unternehmensgegenstand\/Fachgruppe(n): Inhaber und Gesellschafter: Dr. Martin Teibinger Tomaschekstra\u00dfe 24 1210 Wien E-Mail: Office@derTeibinger.at +43\/681\/840 854 60 Webdesign: Rudolf Schwab Haftungserkl\u00e4rung: Trotz sorgf\u00e4ltigster Recherche der Fakten und genauer Kontrollen ist es nicht auszuschlie\u00dfen, dass sich immer wieder Fehler bei der Wiedergabe der Texte einschleichen. Der\u2026","rel":"","context":"\u00c4hnlicher Beitrag","img":{"alt_text":"","src":"","width":0,"height":0},"classes":[]},{"id":126,"url":"https:\/\/derteibinger.at\/wordpress\/dervortragende\/","url_meta":{"origin":37,"position":4},"title":"der:Vortragende","date":"12. Januar 2017","format":false,"excerpt":"Die Vortragst\u00e4tigkeit begleitet mich seit \u00fcber zwei Jahrzehnten. Mit Abwechslung, einer Spur Humor und jahrelanger Routine versuche ich meine Begeisterung dem Publikum zu vermitteln. Die Einladungen zu nationalen und internationalen Kongressen reichen von Alpbach \u00fcber Garmisch bis Tokio und Z\u00fcrich. Auszug von Vortr\u00e4gen auf Fachveranstaltungen (in alphabetischer Reihenfolge): Aachener Bausachverst\u00e4ndigentage:\u2026","rel":"","context":"\u00c4hnlicher Beitrag","img":{"alt_text":"","src":"","width":0,"height":0},"classes":[]}],"_links":{"self":[{"href":"https:\/\/derteibinger.at\/wordpress\/wp-json\/wp\/v2\/pages\/37"}],"collection":[{"href":"https:\/\/derteibinger.at\/wordpress\/wp-json\/wp\/v2\/pages"}],"about":[{"href":"https:\/\/derteibinger.at\/wordpress\/wp-json\/wp\/v2\/types\/page"}],"author":[{"embeddable":true,"href":"https:\/\/derteibinger.at\/wordpress\/wp-json\/wp\/v2\/users\/2"}],"replies":[{"embeddable":true,"href":"https:\/\/derteibinger.at\/wordpress\/wp-json\/wp\/v2\/comments?post=37"}],"version-history":[{"count":4,"href":"https:\/\/derteibinger.at\/wordpress\/wp-json\/wp\/v2\/pages\/37\/revisions"}],"predecessor-version":[{"id":317,"href":"https:\/\/derteibinger.at\/wordpress\/wp-json\/wp\/v2\/pages\/37\/revisions\/317"}],"wp:attachment":[{"href":"https:\/\/derteibinger.at\/wordpress\/wp-json\/wp\/v2\/media?parent=37"}],"curies":[{"name":"wp","href":"https:\/\/api.w.org\/{rel}","templated":true}]}}