{"id":19,"date":"2017-01-12T14:43:26","date_gmt":"2017-01-12T13:43:26","guid":{"rendered":"http:\/\/derteibinger.at\/wordpress\/?page_id=19"},"modified":"2025-06-18T12:08:31","modified_gmt":"2025-06-18T10:08:31","slug":"derfachautor","status":"publish","type":"page","link":"https:\/\/derteibinger.at\/wordpress\/derfachautor\/","title":{"rendered":"der:Fachautor"},"content":{"rendered":"<p><img data-attachment-id=\"57\" data-permalink=\"https:\/\/derteibinger.at\/wordpress\/derfachautor\/derfachautor_rgb\/\" data-orig-file=\"https:\/\/i0.wp.com\/derteibinger.at\/wordpress\/wp-content\/uploads\/2017\/01\/derFACHAUTOR_RGB.png?fit=185%2C23&amp;ssl=1\" data-orig-size=\"185,23\" data-comments-opened=\"1\" data-image-meta=\"{&quot;aperture&quot;:&quot;0&quot;,&quot;credit&quot;:&quot;&quot;,&quot;camera&quot;:&quot;&quot;,&quot;caption&quot;:&quot;&quot;,&quot;created_timestamp&quot;:&quot;0&quot;,&quot;copyright&quot;:&quot;&quot;,&quot;focal_length&quot;:&quot;0&quot;,&quot;iso&quot;:&quot;0&quot;,&quot;shutter_speed&quot;:&quot;0&quot;,&quot;title&quot;:&quot;&quot;,&quot;orientation&quot;:&quot;0&quot;}\" data-image-title=\"derFACHAUTOR_RGB\" data-image-description=\"\" data-image-caption=\"\" data-medium-file=\"https:\/\/i0.wp.com\/derteibinger.at\/wordpress\/wp-content\/uploads\/2017\/01\/derFACHAUTOR_RGB.png?fit=185%2C23&amp;ssl=1\" data-large-file=\"https:\/\/i0.wp.com\/derteibinger.at\/wordpress\/wp-content\/uploads\/2017\/01\/derFACHAUTOR_RGB.png?fit=185%2C23&amp;ssl=1\" loading=\"lazy\" class=\"size-full wp-image-57 aligncenter\" src=\"https:\/\/i0.wp.com\/derteibinger.at\/wordpress\/wp-content\/uploads\/2017\/01\/derFACHAUTOR_RGB.png?resize=185%2C23\" alt=\"\" width=\"185\" height=\"23\"  data-recalc-dims=\"1\"><\/p>\n<div id=\"metaslider-id-153\" style=\"max-width: 600px; margin: 0 auto;\" class=\"ml-slider-3-27-5 metaslider metaslider-flex metaslider-153 ml-slider\">\n    <div id=\"metaslider_container_153\">\n        <div id=\"metaslider_153\">\n            <ul aria-live=\"polite\" class=\"slides\">\n                <li style=\"display: block; width: 100%;\" class=\"slide-156 ms-image\"><img src=\"https:\/\/i0.wp.com\/derteibinger.at\/wordpress\/wp-content\/uploads\/2017\/01\/WP_20161001_11_54_19_Pro.jpg?resize=600%2C300&#038;ssl=1\" height=\"300\" width=\"600\" alt=\"\" class=\"slider-153 slide-156\" data-recalc-dims=\"1\" \/><\/li>\n                <li style=\"display: none; width: 100%;\" class=\"slide-155 ms-image\"><img src=\"https:\/\/i0.wp.com\/derteibinger.at\/wordpress\/wp-content\/uploads\/2017\/01\/IMG_1444.jpg?resize=600%2C300&#038;ssl=1\" height=\"300\" width=\"600\" alt=\"\" class=\"slider-153 slide-155\" data-recalc-dims=\"1\" \/><\/li>\n                <li style=\"display: none; width: 100%;\" class=\"slide-173 ms-image\"><img src=\"https:\/\/i0.wp.com\/derteibinger.at\/wordpress\/wp-content\/uploads\/2017\/01\/IMG_1000.jpg?resize=600%2C300&#038;ssl=1\" height=\"300\" width=\"600\" alt=\"\" class=\"slider-153 slide-173\" data-recalc-dims=\"1\" \/><div class=\"caption-wrap\"><div class=\"caption\">Was du in anderen Menschen entz\u00fcnden willst, muss erst in dir selber brennen. (Dale Carnegie)<\/div><\/div><\/li>\n            <\/ul>\n        <\/div>\n        \n    <\/div>\n<\/div>\n<p>Neben der Ver\u00f6ffentlichung der Forschungsergebnisse in Forschungsberichten und Fachjournals ist es wichtig, die neuen Erkenntnisse aus der Forschung zusammen mit praktischen Erfahrungen aus der Gutachtert\u00e4tigkeit zielgruppengerecht zu ver\u00f6ffentlichen. Diesen Grundsatz setzte ich sowohl bei Planungsbrosch\u00fcren der <a href=\"http:\/\/www.holzforschung.at\/\" target=\"_blank\" rel=\"noopener\">Holzforschung Austria<\/a>&nbsp;und <a href=\"http:\/\/www.proholz.at\/shop\/attzuschnittarbeitsheft\/\" target=\"_blank\" rel=\"noopener\">ProHolz<\/a> als auch als Autor und Coautor bei Fachb\u00fcchern um.&nbsp; Im Laufe der Jahre habe ich \u00fcber 100 Publikationen verfasst. Auszug bedeutender Ver\u00f6ffentlichungen:<\/p>\n<p style=\"text-align: left; padding-left: 40px;\">Teibinger, Martin; Horn, Gerrit (2024): Unser Holzhaus &#8211; Planen und Bauen. Stiftung Warentest.<\/p>\n<p style=\"padding-left: 40px;\">Teibinger, Martin (2017): Kapitel Geb\u00e4udetechnik \u2013 Besonderheiten im Holzbau. In:Kaufmann, Hermann; Kr\u00f6tsch, Stefan; Winter, Stefan: (2017): Atlas Mehrgeschossiger Holzbau. DETAIL.<\/p>\n<p style=\"padding-left: 40px;\">Teibinger, Martin (2016): &nbsp;Kapitel Bauphysik und Geb\u00e4udephysik. In: Pech, Anton (Hrsg.): Holz im Hochbau \u2013 Theorie und Praxis. Birkh\u00e4user.<\/p>\n<p style=\"padding-left: 40px;\">Teibinger, Martin; Matzinger, Irmgard; Dolezal, Franz (2014): Holzrahmenbauweise im Gescho\u00dfbau Fokus Bauphysik, Planungsbrosch\u00fcre. Herausgegeben von Holzforschung Austria. Wien<\/p>\n<p style=\"padding-left: 40px;\">Teibinger, Martin; Obkircher, Leo; Luggin, Wilhelm; Brunauer, Alfons; Guttmann, Eva (2014): Haustechnik im mehrgeschossigen Holzbau. In: Zuschnitt attachment, September. Wien: proHolz.<\/p>\n<p style=\"padding-left: 40px;\">Teibinger, Martin, Matzinger, Irmgard (2013): Bauen mit Brettsperrholz im Gescho\u00dfbau Fokus Bauphysik, Planungsbrosch\u00fcre. Herausgegeben von Holzforschung Austria. Wien<\/p>\n<p style=\"padding-left: 40px;\">Teibinger, Martin (2015): Brandschutzvorschriften in \u00d6sterreich. Anforderungen nach OIB-Richtlinie 2. 3. Auflage. In: Zuschnitt attachment, Juni. Wien: proHolz.<\/p>\n<p style=\"padding-left: 40px;\">Teibinger, Martin; Matzinger, Irmgard (2012): Brandabschottung im Holzbau, Herausgegeben von Holzforschung Austria. Wien<\/p>\n<p style=\"padding-left: 40px;\">Teibinger, Martin; Nusser, Bernd (2010): Planungsbrosch\u00fcre zur Bauphysik flachgeneigter h\u00f6lzerner Dachkonstruktionen. Herausgegeben von Holzforschung Austria. Wien<\/p>\n<p style=\"padding-left: 40px;\">Teibinger, Martin; Dolezal, Franz; Matzinger, Irmgard (2009): Deckenkonstruktionen f\u00fcr den mehrgescho\u00dfigen Holzbau. Holzforschung Austria. Wien.<\/p>\n<p style=\"padding-left: 40px;\">Teibinger Martin (2005): Entwicklung modularer, hochw\u00e4rmeged\u00e4mmter, intelligenter Bauelemente f\u00fcr den Einsatz im urbanen Wohnbau. In: Holzforschung Austria (Hg.): Technisch-wissenschaftlicher Bericht zur 4 Jahres Evaluierung des industriellen Kompetenzzentrums Holztechnologie. Wien: Holzforschung Austria , Bd.&nbsp;1.<\/p>\n<p style=\"padding-left: 40px;\">Teibinger Martin; Edl Thomas (2005): Holz-Mischbau. Detailkatalog. Herausgegeben von Holzforschung Austria. Wien.<\/p>\n<p style=\"padding-left: 40px;\">Werning Hanno; Teibinger Martin (2005): Dezentrale L\u00fcftungsanlagen. Markt\u00fcbersicht. Herausgegeben von Holzforschung Austria. Wien.<\/p>\n<p style=\"padding-left: 40px;\">Teibinger Martin (2003): Holz-Mischbau im urbanen Hochbau. HFA-Schriftenreihe Band 3 B\u00e4nde. Wien: Holzforschung Austria.<\/p>\n<p style=\"padding-left: 40px;\">Teibinger Martin; Pommer Georg (1999): Fassade. In: proHolz \u00d6sterreich (Hg.): Mehrgescho\u00dfiger Holzbau in \u00d6sterreich. Rahmenbauweise. Wien: proHolz , Bd.&nbsp;1.<\/p>\n<p>Seit 2017 bin ich Mitglied des Redaktionsteams und des Condetti Teams der Zeitschrift Holzbau die neue Quadriga und somit auch regelm\u00e4\u00dfiger Autor in dieser Zeitschrift.<\/p>\n","protected":false},"excerpt":{"rendered":"<p>Neben der Ver\u00f6ffentlichung der Forschungsergebnisse in Forschungsberichten und Fachjournals ist es wichtig, die neuen Erkenntnisse aus der Forschung zusammen mit praktischen Erfahrungen aus der Gutachtert\u00e4tigkeit zielgruppengerecht zu ver\u00f6ffentlichen. Diesen Grundsatz setzte ich sowohl bei Planungsbrosch\u00fcren der Holzforschung Austria&nbsp;und ProHolz als &hellip; <a href=\"https:\/\/derteibinger.at\/wordpress\/derfachautor\/\">Weiterlesen <span class=\"meta-nav\">&rarr;<\/span><\/a><\/p>\n","protected":false},"author":2,"featured_media":0,"parent":0,"menu_order":0,"comment_status":"closed","ping_status":"closed","template":"","meta":{"ngg_post_thumbnail":0,"jetpack_post_was_ever_published":false},"jetpack_sharing_enabled":true,"jetpack_shortlink":"https:\/\/wp.me\/P8k7pI-j","jetpack-related-posts":[{"id":41,"url":"https:\/\/derteibinger.at\/wordpress\/impressum\/","url_meta":{"origin":19,"position":0},"title":"Impressum","date":"12. Januar 2017","format":false,"excerpt":"F\u00fcr Inhalt verantwortlich: Dr. Martin Teibinger Unternehmensgegenstand\/Fachgruppe(n): Inhaber und Gesellschafter: Dr. Martin Teibinger Tomaschekstra\u00dfe 24 1210 Wien E-Mail: Office@derTeibinger.at +43\/681\/840 854 60 Webdesign: Rudolf Schwab Haftungserkl\u00e4rung: Trotz sorgf\u00e4ltigster Recherche der Fakten und genauer Kontrollen ist es nicht auszuschlie\u00dfen, dass sich immer wieder Fehler bei der Wiedergabe der Texte einschleichen. Der\u2026","rel":"","context":"\u00c4hnlicher Beitrag","img":{"alt_text":"","src":"","width":0,"height":0},"classes":[]},{"id":9,"url":"https:\/\/derteibinger.at\/wordpress\/derberater\/","url_meta":{"origin":19,"position":1},"title":"der:Berater","date":"12. Januar 2017","format":false,"excerpt":"\u00a0 Beratung zu bauphysikalischen und holzbautechnischen Fragestellungen und Unterst\u00fctzung bei Forschungsprojekten. Ich biete in Kooperation mit der Versuchsanstalt Camillo Sitte Lehranstalt folgende T\u00e4tigkeiten an: Blower Door Messungen Infrarot-Thermografie von Geb\u00e4uden Bauakustische Messungen bei Geb\u00e4uden (Luft-, Trittschalld\u00e4mmung) Hygrothermische Simulationen mit WUFI Brandschutztechnische Beratung zum Feuerwiderstand und Ausf\u00fchrungsdetails von Holzkonstruktionen, sowie zu\u2026","rel":"","context":"\u00c4hnlicher Beitrag","img":{"alt_text":"","src":"","width":0,"height":0},"classes":[]},{"id":13,"url":"https:\/\/derteibinger.at\/wordpress\/derausbildner\/","url_meta":{"origin":19,"position":2},"title":"der:Ausbildner","date":"12. Januar 2017","format":false,"excerpt":"Die Freude am Vermitteln von Wissen an Jung und Alt begleitet mich schon viele Jahre und hat mein Leben positiv beeinflusst. Lehrt\u00e4tigkeit: Unterricht und Lehre seit 2004 in den F\u00e4chern Bauphysik, Brandschutz, Holzbau, hygrothermische Simulationen, Detailausf\u00fchrung und Konstruktion sowie Gestaltung und Baukultur an folgenden Ausbildungsst\u00e4tten (aktueller Stand in alphabetischer Reihenfolge):\u2026","rel":"","context":"\u00c4hnlicher Beitrag","img":{"alt_text":"","src":"","width":0,"height":0},"classes":[]},{"id":21,"url":"https:\/\/derteibinger.at\/wordpress\/dernetzwerker\/","url_meta":{"origin":19,"position":3},"title":"der:Netzwerker","date":"12. Januar 2017","format":false,"excerpt":"Im Laufe der T\u00e4tigkeit der letzten Jahre konnte ich ein gro\u00dfes Netzwerk zu nationalen und internationalen Fachexperten aufbauen. Ein Erfahrungsaustausch unter Experten unterschiedlichster Disziplinen erm\u00f6glicht eine effiziente L\u00f6sung komplexer Problemstellungen. Wissenschaftlich-Technische Arbeitsgemeinschaft f\u00fcr Bauwerkserhaltung und Denkmalpflege e.V. (WTA): Referat 6 Bauphysik AG 6.1: Feuchtetechnische Bemessung von Holzkonstruktion Mitgliedschaft: Hauptverband der\u2026","rel":"","context":"\u00c4hnlicher Beitrag","img":{"alt_text":"","src":"","width":0,"height":0},"classes":[]},{"id":23,"url":"https:\/\/derteibinger.at\/wordpress\/derteibinger\/","url_meta":{"origin":19,"position":4},"title":"der:Teibinger","date":"12. Januar 2017","format":false,"excerpt":"Dipl.-Ing. Dr. Martin Teibinge E-Mail: office@derteibinger.at Telefon: 0043681 840 854 60 Ausbildung: 1992-1999\u00a0 BOKU Wien, Studienrichtung Holzwirtschaft 1997-1999\u00a0 TU Wien, Studienrichtung Bauingenieurwesen\u00a0Schwerpunkte: Holzbau, Stahlbau, Bauphysik, Bauschadensvermeidung 2002-2004\u00a0 Doktoratstudium an der TU Wien mit Auszeichnung abgeschlossen Beruflicher Werdegang: 1991-1996\u00a0 diverse Praktika im Bereich der holzverarbeitenden Industrie sowie bei Ingenieurb\u00fcros 1996-2016\u00a0 wissenschaftlicher\u2026","rel":"","context":"\u00c4hnlicher Beitrag","img":{"alt_text":"","src":"","width":0,"height":0},"classes":[]},{"id":37,"url":"https:\/\/derteibinger.at\/wordpress\/links\/","url_meta":{"origin":19,"position":5},"title":"Links","date":"12. Januar 2017","format":false,"excerpt":"Links Ausbildungsst\u00e4tten: Arch+Ing Akademie Donauuniversit\u00e4t Krems FH Salzburg HTL Wien 3 Camillo Sitte HTL Krems Technische Universit\u00e4t Wien Universit\u00e4t f\u00fcr Bodenkultur \u00dcberbau Akademie \u00a0 Forschungsinstitute- und Pr\u00fcfanstalten Akustik Center Austria Camillo Sitte Versuchsanstalt Holzforschung Austria \u00a0 Sonstige: Bau.Energie.Umwelt Cluster Nieder\u00f6sterreich Bauteilkatalog dataholz.com (Katalog bauphysikalisch, \u00f6kologisch gepr\u00fcfter und\/oder zugelassener Holz- und\u2026","rel":"","context":"\u00c4hnlicher Beitrag","img":{"alt_text":"","src":"","width":0,"height":0},"classes":[]}],"_links":{"self":[{"href":"https:\/\/derteibinger.at\/wordpress\/wp-json\/wp\/v2\/pages\/19"}],"collection":[{"href":"https:\/\/derteibinger.at\/wordpress\/wp-json\/wp\/v2\/pages"}],"about":[{"href":"https:\/\/derteibinger.at\/wordpress\/wp-json\/wp\/v2\/types\/page"}],"author":[{"embeddable":true,"href":"https:\/\/derteibinger.at\/wordpress\/wp-json\/wp\/v2\/users\/2"}],"replies":[{"embeddable":true,"href":"https:\/\/derteibinger.at\/wordpress\/wp-json\/wp\/v2\/comments?post=19"}],"version-history":[{"count":7,"href":"https:\/\/derteibinger.at\/wordpress\/wp-json\/wp\/v2\/pages\/19\/revisions"}],"predecessor-version":[{"id":1218,"href":"https:\/\/derteibinger.at\/wordpress\/wp-json\/wp\/v2\/pages\/19\/revisions\/1218"}],"wp:attachment":[{"href":"https:\/\/derteibinger.at\/wordpress\/wp-json\/wp\/v2\/media?parent=19"}],"curies":[{"name":"wp","href":"https:\/\/api.w.org\/{rel}","templated":true}]}}