{"id":126,"date":"2017-01-12T20:04:24","date_gmt":"2017-01-12T19:04:24","guid":{"rendered":"http:\/\/derteibinger.at\/wordpress\/?page_id=126"},"modified":"2025-06-18T15:24:29","modified_gmt":"2025-06-18T13:24:29","slug":"dervortragende","status":"publish","type":"page","link":"https:\/\/derteibinger.at\/wordpress\/dervortragende\/","title":{"rendered":"der:Vortragende"},"content":{"rendered":"<p><img data-attachment-id=\"62\" data-permalink=\"https:\/\/derteibinger.at\/wordpress\/dervortragende\/dervortragende_rgb\/\" data-orig-file=\"https:\/\/i0.wp.com\/derteibinger.at\/wordpress\/wp-content\/uploads\/2017\/01\/derVORTRAGENDE_RGB.png?fit=200%2C23&amp;ssl=1\" data-orig-size=\"200,23\" data-comments-opened=\"1\" data-image-meta=\"{&quot;aperture&quot;:&quot;0&quot;,&quot;credit&quot;:&quot;&quot;,&quot;camera&quot;:&quot;&quot;,&quot;caption&quot;:&quot;&quot;,&quot;created_timestamp&quot;:&quot;0&quot;,&quot;copyright&quot;:&quot;&quot;,&quot;focal_length&quot;:&quot;0&quot;,&quot;iso&quot;:&quot;0&quot;,&quot;shutter_speed&quot;:&quot;0&quot;,&quot;title&quot;:&quot;&quot;,&quot;orientation&quot;:&quot;0&quot;}\" data-image-title=\"derVORTRAGENDE_RGB\" data-image-description=\"\" data-image-caption=\"\" data-medium-file=\"https:\/\/i0.wp.com\/derteibinger.at\/wordpress\/wp-content\/uploads\/2017\/01\/derVORTRAGENDE_RGB.png?fit=200%2C23&amp;ssl=1\" data-large-file=\"https:\/\/i0.wp.com\/derteibinger.at\/wordpress\/wp-content\/uploads\/2017\/01\/derVORTRAGENDE_RGB.png?fit=200%2C23&amp;ssl=1\" loading=\"lazy\" class=\"size-full wp-image-62 aligncenter\" src=\"https:\/\/i0.wp.com\/derteibinger.at\/wordpress\/wp-content\/uploads\/2017\/01\/derVORTRAGENDE_RGB.png?resize=200%2C23\" alt=\"\" width=\"200\" height=\"23\"  data-recalc-dims=\"1\"><\/p>\n<div id=\"metaslider-id-174\" style=\"max-width: 600px; margin: 0 auto;\" class=\"ml-slider-3-27-5 metaslider metaslider-flex metaslider-174 ml-slider\">\n    <div id=\"metaslider_container_174\">\n        <div id=\"metaslider_174\">\n            <ul aria-live=\"polite\" class=\"slides\">\n                <li style=\"display: block; width: 100%;\" class=\"slide-177 ms-image\"><img src=\"https:\/\/i0.wp.com\/derteibinger.at\/wordpress\/wp-content\/uploads\/2017\/01\/HFA_Stetten_032.jpg?resize=600%2C300&#038;ssl=1\" height=\"300\" width=\"600\" alt=\"\" class=\"slider-174 slide-177\" data-recalc-dims=\"1\" \/><\/li>\n                <li style=\"display: none; width: 100%;\" class=\"slide-176 ms-image\"><img src=\"https:\/\/i0.wp.com\/derteibinger.at\/wordpress\/wp-content\/uploads\/2017\/01\/HFA_2011-06_155.jpg?resize=600%2C300&#038;ssl=1\" height=\"300\" width=\"600\" alt=\"\" class=\"slider-174 slide-176\" data-recalc-dims=\"1\" \/><\/li>\n                <li style=\"display: none; width: 100%;\" class=\"slide-175 ms-image\"><img src=\"https:\/\/i0.wp.com\/derteibinger.at\/wordpress\/wp-content\/uploads\/2017\/01\/HFA_2011-06_061.jpg?resize=600%2C300&#038;ssl=1\" height=\"300\" width=\"600\" alt=\"\" class=\"slider-174 slide-175\" data-recalc-dims=\"1\" \/><\/li>\n            <\/ul>\n        <\/div>\n        \n    <\/div>\n<\/div>\n<p>Die Vortragst\u00e4tigkeit begleitet mich seit \u00fcber zwei Jahrzehnten. Mit Abwechslung, einer Spur Humor und jahrelanger Routine versuche ich meine Begeisterung dem Publikum zu vermitteln. Die Einladungen zu nationalen und internationalen Kongressen reichen von Alpbach \u00fcber Garmisch bis Tokio und Z\u00fcrich.<\/p>\n<p>Auszug von Vortr\u00e4gen auf Fachveranstaltungen (in alphabetischer Reihenfolge):<\/p>\n<ul>\n<li>Aachener Bausachverst\u00e4ndigentage: 2022, 2019<\/li>\n<li>Aprilsymposium d. Brandschutzforums Austria, Graz: 2021, 2011, 2006<\/li>\n<li>BauZ! Wiener Kongress f\u00fcr zukunftsf\u00e4higes Bauen, Wien: 2012<\/li>\n<li>Bildungswoche der \u00f6sterreichischen Holzbau- und Zimmermeister, Alpbach: 2023, 2015, 2006, 2003, 2002<\/li>\n<li>Brandschutzseminar d. SV Verbandes K\u00e4rnten, Steiermark: 2012<\/li>\n<li>CESP: 2013<\/li>\n<li>Dachkongress: 2016, 2011<\/li>\n<li>EBH Forum Holz Bau Energie, K\u00f6ln: 2017, 2010<\/li>\n<li>EIPOS Sachverst\u00e4ndigen Tag, Dresden: 2014<\/li>\n<li>Fenster-T\u00fcren-Treff: 2016, 2014, 2011, 2009<\/li>\n<li>Fertighaussymposium: 2012, 2007<\/li>\n<li>Fire Safety of Facades, Paris: 2014,<\/li>\n<li>FSE Brandschutzfachtagung: 2025, 2012, 2008<\/li>\n<li>Hanseatische Sanierungstage: 2015<\/li>\n<li>Holz\/Bau\/Spezial Bauphysik: 2017<\/li>\n<li>Holzhaustage: 2015, 2014, 2013,<\/li>\n<li>IFB Symposium Flachdachbau und Bauwerksabdichtung: 2013, 2010<\/li>\n<li>Internationaler Holz[Bau]Physik Kongress, Leipzig &amp; Bad Ischl: 2025, 2018, 2015 (Tagungsleitung), 2014, 2012, 2011, 2010<\/li>\n<li>Internationales Holzbauforum, Garmisch: 2009, 2005<\/li>\n<li>Internationale Fachseminar \u201eBauwesen f\u00fcr Sachverst\u00e4ndige und Juristen. Hauptverband der Gerichtssachverst\u00e4ndigen, Bad Hofgastein: 2020, 2015, 2007<\/li>\n<li>IRCC workshop, Wien: 2013<\/li>\n<li>Tegernseer Baufachtagung: 2025<\/li>\n<li>WCTE: Word Conference on Timber Engineering: 2016, 2010 (Publikationen in den Proceedings)<\/li>\n<li>Wiener Holzschutztage: 2013<\/li>\n<li>Windays, Biel: 2015<\/li>\n<\/ul>\n","protected":false},"excerpt":{"rendered":"<p>Die Vortragst\u00e4tigkeit begleitet mich seit \u00fcber zwei Jahrzehnten. Mit Abwechslung, einer Spur Humor und jahrelanger Routine versuche ich meine Begeisterung dem Publikum zu vermitteln. Die Einladungen zu nationalen und internationalen Kongressen reichen von Alpbach \u00fcber Garmisch bis Tokio und Z\u00fcrich. &hellip; <a href=\"https:\/\/derteibinger.at\/wordpress\/dervortragende\/\">Weiterlesen <span class=\"meta-nav\">&rarr;<\/span><\/a><\/p>\n","protected":false},"author":1,"featured_media":0,"parent":0,"menu_order":0,"comment_status":"closed","ping_status":"closed","template":"","meta":{"ngg_post_thumbnail":0,"jetpack_post_was_ever_published":false},"jetpack_sharing_enabled":true,"jetpack_shortlink":"https:\/\/wp.me\/P8k7pI-22","jetpack-related-posts":[{"id":13,"url":"https:\/\/derteibinger.at\/wordpress\/derausbildner\/","url_meta":{"origin":126,"position":0},"title":"der:Ausbildner","date":"12. Januar 2017","format":false,"excerpt":"Die Freude am Vermitteln von Wissen an Jung und Alt begleitet mich schon viele Jahre und hat mein Leben positiv beeinflusst. Lehrt\u00e4tigkeit: Unterricht und Lehre seit 2004 in den F\u00e4chern Bauphysik, Brandschutz, Holzbau, hygrothermische Simulationen, Detailausf\u00fchrung und Konstruktion sowie Gestaltung und Baukultur an folgenden Ausbildungsst\u00e4tten (aktueller Stand in alphabetischer Reihenfolge):\u2026","rel":"","context":"\u00c4hnlicher Beitrag","img":{"alt_text":"","src":"","width":0,"height":0},"classes":[]},{"id":19,"url":"https:\/\/derteibinger.at\/wordpress\/derfachautor\/","url_meta":{"origin":126,"position":1},"title":"der:Fachautor","date":"12. Januar 2017","format":false,"excerpt":"Neben der Ver\u00f6ffentlichung der Forschungsergebnisse in Forschungsberichten und Fachjournals ist es wichtig, die neuen Erkenntnisse aus der Forschung zusammen mit praktischen Erfahrungen aus der Gutachtert\u00e4tigkeit zielgruppengerecht zu ver\u00f6ffentlichen. Diesen Grundsatz setzte ich sowohl bei Planungsbrosch\u00fcren der Holzforschung Austria\u00a0und ProHolz als auch als Autor und Coautor bei Fachb\u00fcchern um.\u00a0 Im Laufe\u2026","rel":"","context":"\u00c4hnlicher Beitrag","img":{"alt_text":"","src":"","width":0,"height":0},"classes":[]},{"id":23,"url":"https:\/\/derteibinger.at\/wordpress\/derteibinger\/","url_meta":{"origin":126,"position":2},"title":"der:Teibinger","date":"12. Januar 2017","format":false,"excerpt":"Dipl.-Ing. Dr. Martin Teibinge E-Mail: office@derteibinger.at Telefon: 0043681 840 854 60 Ausbildung: 1992-1999\u00a0 BOKU Wien, Studienrichtung Holzwirtschaft 1997-1999\u00a0 TU Wien, Studienrichtung Bauingenieurwesen\u00a0Schwerpunkte: Holzbau, Stahlbau, Bauphysik, Bauschadensvermeidung 2002-2004\u00a0 Doktoratstudium an der TU Wien mit Auszeichnung abgeschlossen Beruflicher Werdegang: 1991-1996\u00a0 diverse Praktika im Bereich der holzverarbeitenden Industrie sowie bei Ingenieurb\u00fcros 1996-2016\u00a0 wissenschaftlicher\u2026","rel":"","context":"\u00c4hnlicher Beitrag","img":{"alt_text":"","src":"","width":0,"height":0},"classes":[]},{"id":9,"url":"https:\/\/derteibinger.at\/wordpress\/derberater\/","url_meta":{"origin":126,"position":3},"title":"der:Berater","date":"12. Januar 2017","format":false,"excerpt":"\u00a0 Beratung zu bauphysikalischen und holzbautechnischen Fragestellungen und Unterst\u00fctzung bei Forschungsprojekten. Ich biete in Kooperation mit der Versuchsanstalt Camillo Sitte Lehranstalt folgende T\u00e4tigkeiten an: Blower Door Messungen Infrarot-Thermografie von Geb\u00e4uden Bauakustische Messungen bei Geb\u00e4uden (Luft-, Trittschalld\u00e4mmung) Hygrothermische Simulationen mit WUFI Brandschutztechnische Beratung zum Feuerwiderstand und Ausf\u00fchrungsdetails von Holzkonstruktionen, sowie zu\u2026","rel":"","context":"\u00c4hnlicher Beitrag","img":{"alt_text":"","src":"","width":0,"height":0},"classes":[]},{"id":21,"url":"https:\/\/derteibinger.at\/wordpress\/dernetzwerker\/","url_meta":{"origin":126,"position":4},"title":"der:Netzwerker","date":"12. Januar 2017","format":false,"excerpt":"Im Laufe der T\u00e4tigkeit der letzten Jahre konnte ich ein gro\u00dfes Netzwerk zu nationalen und internationalen Fachexperten aufbauen. Ein Erfahrungsaustausch unter Experten unterschiedlichster Disziplinen erm\u00f6glicht eine effiziente L\u00f6sung komplexer Problemstellungen. Wissenschaftlich-Technische Arbeitsgemeinschaft f\u00fcr Bauwerkserhaltung und Denkmalpflege e.V. (WTA): Referat 6 Bauphysik AG 6.1: Feuchtetechnische Bemessung von Holzkonstruktion Mitgliedschaft: Hauptverband der\u2026","rel":"","context":"\u00c4hnlicher Beitrag","img":{"alt_text":"","src":"","width":0,"height":0},"classes":[]},{"id":11,"url":"https:\/\/derteibinger.at\/wordpress\/dergutachter\/","url_meta":{"origin":126,"position":5},"title":"der:Gutachter","date":"12. Januar 2017","format":false,"excerpt":"Bausch\u00e4den k\u00f6nnen auftreten, wichtig ist es, so schnell wie m\u00f6glich die Ursachen aufzukl\u00e4ren und zu beseitigen. Als allgemein beeideter und gerichtlich zertifizierter Sachverst\u00e4ndiger unterst\u00fctze ich Sie neutral und unabh\u00e4ngig Schadensursachen herauszufinden und zu bewerten. Ich bin allgemein beeideter und gerichtlich zertifizierter Sachverst\u00e4ndiger f\u00fcr die Fachgebiete: 15 Holz, Holzverarbeitung \u2013 Zimmererarbeiten:\u2026","rel":"","context":"\u00c4hnlicher Beitrag","img":{"alt_text":"","src":"","width":0,"height":0},"classes":[]}],"_links":{"self":[{"href":"https:\/\/derteibinger.at\/wordpress\/wp-json\/wp\/v2\/pages\/126"}],"collection":[{"href":"https:\/\/derteibinger.at\/wordpress\/wp-json\/wp\/v2\/pages"}],"about":[{"href":"https:\/\/derteibinger.at\/wordpress\/wp-json\/wp\/v2\/types\/page"}],"author":[{"embeddable":true,"href":"https:\/\/derteibinger.at\/wordpress\/wp-json\/wp\/v2\/users\/1"}],"replies":[{"embeddable":true,"href":"https:\/\/derteibinger.at\/wordpress\/wp-json\/wp\/v2\/comments?post=126"}],"version-history":[{"count":5,"href":"https:\/\/derteibinger.at\/wordpress\/wp-json\/wp\/v2\/pages\/126\/revisions"}],"predecessor-version":[{"id":1223,"href":"https:\/\/derteibinger.at\/wordpress\/wp-json\/wp\/v2\/pages\/126\/revisions\/1223"}],"wp:attachment":[{"href":"https:\/\/derteibinger.at\/wordpress\/wp-json\/wp\/v2\/media?parent=126"}],"curies":[{"name":"wp","href":"https:\/\/api.w.org\/{rel}","templated":true}]}}