{"id":11,"date":"2017-01-12T14:42:21","date_gmt":"2017-01-12T13:42:21","guid":{"rendered":"http:\/\/derteibinger.at\/wordpress\/?page_id=11"},"modified":"2017-01-16T17:27:29","modified_gmt":"2017-01-16T16:27:29","slug":"dergutachter","status":"publish","type":"page","link":"https:\/\/derteibinger.at\/wordpress\/dergutachter\/","title":{"rendered":"der:Gutachter"},"content":{"rendered":"<p><img data-attachment-id=\"58\" data-permalink=\"https:\/\/derteibinger.at\/wordpress\/dergutachter\/dergutachter_rgb\/\" data-orig-file=\"https:\/\/i0.wp.com\/derteibinger.at\/wordpress\/wp-content\/uploads\/2017\/01\/derGUTACHTER_RGB.png?fit=185%2C23&amp;ssl=1\" data-orig-size=\"185,23\" data-comments-opened=\"1\" data-image-meta=\"{&quot;aperture&quot;:&quot;0&quot;,&quot;credit&quot;:&quot;&quot;,&quot;camera&quot;:&quot;&quot;,&quot;caption&quot;:&quot;&quot;,&quot;created_timestamp&quot;:&quot;0&quot;,&quot;copyright&quot;:&quot;&quot;,&quot;focal_length&quot;:&quot;0&quot;,&quot;iso&quot;:&quot;0&quot;,&quot;shutter_speed&quot;:&quot;0&quot;,&quot;title&quot;:&quot;&quot;,&quot;orientation&quot;:&quot;0&quot;}\" data-image-title=\"derGUTACHTER_RGB\" data-image-description=\"\" data-image-caption=\"\" data-medium-file=\"https:\/\/i0.wp.com\/derteibinger.at\/wordpress\/wp-content\/uploads\/2017\/01\/derGUTACHTER_RGB.png?fit=185%2C23&amp;ssl=1\" data-large-file=\"https:\/\/i0.wp.com\/derteibinger.at\/wordpress\/wp-content\/uploads\/2017\/01\/derGUTACHTER_RGB.png?fit=185%2C23&amp;ssl=1\" loading=\"lazy\" class=\"size-full wp-image-58 aligncenter\" src=\"https:\/\/i0.wp.com\/derteibinger.at\/wordpress\/wp-content\/uploads\/2017\/01\/derGUTACHTER_RGB.png?resize=185%2C23\" alt=\"\" width=\"185\" height=\"23\" data-recalc-dims=\"1\" \/><\/p>\n<div id=\"metaslider-id-158\" style=\"max-width: 600px; margin: 0 auto;\" class=\"ml-slider-3-27-5 metaslider metaslider-flex metaslider-158 ml-slider\">\n    <div id=\"metaslider_container_158\">\n        <div id=\"metaslider_158\">\n            <ul aria-live=\"polite\" class=\"slides\">\n                <li style=\"display: block; width: 100%;\" class=\"slide-160 ms-image\"><img src=\"https:\/\/i0.wp.com\/derteibinger.at\/wordpress\/wp-content\/uploads\/2017\/01\/DSC00703.jpg?resize=600%2C300&#038;ssl=1\" height=\"300\" width=\"600\" alt=\"\" class=\"slider-158 slide-160\" data-recalc-dims=\"1\" \/><\/li>\n                <li style=\"display: none; width: 100%;\" class=\"slide-164 ms-image\"><img src=\"https:\/\/i0.wp.com\/derteibinger.at\/wordpress\/wp-content\/uploads\/2017\/01\/RIMG0022.jpg?resize=600%2C300&#038;ssl=1\" height=\"300\" width=\"600\" alt=\"\" class=\"slider-158 slide-164\" data-recalc-dims=\"1\" \/><\/li>\n                <li style=\"display: none; width: 100%;\" class=\"slide-161 ms-image\"><img src=\"https:\/\/i0.wp.com\/derteibinger.at\/wordpress\/wp-content\/uploads\/2017\/01\/IMAG0900.jpg?resize=600%2C300&#038;ssl=1\" height=\"300\" width=\"600\" alt=\"\" class=\"slider-158 slide-161\" data-recalc-dims=\"1\" \/><\/li>\n                <li style=\"display: none; width: 100%;\" class=\"slide-166 ms-image\"><img src=\"https:\/\/i0.wp.com\/derteibinger.at\/wordpress\/wp-content\/uploads\/2017\/01\/DSC_0327.jpg?resize=600%2C300&#038;ssl=1\" height=\"300\" width=\"600\" alt=\"\" class=\"slider-158 slide-166\" data-recalc-dims=\"1\" \/><\/li>\n                <li style=\"display: none; width: 100%;\" class=\"slide-162 ms-image\"><img src=\"https:\/\/i0.wp.com\/derteibinger.at\/wordpress\/wp-content\/uploads\/2017\/01\/IMG_0199.jpg?resize=600%2C300&#038;ssl=1\" height=\"300\" width=\"600\" alt=\"\" class=\"slider-158 slide-162\" data-recalc-dims=\"1\" \/><\/li>\n                <li style=\"display: none; width: 100%;\" class=\"slide-163 ms-image\"><img src=\"https:\/\/i0.wp.com\/derteibinger.at\/wordpress\/wp-content\/uploads\/2017\/01\/IMG_8830.jpg?resize=600%2C300&#038;ssl=1\" height=\"300\" width=\"600\" alt=\"\" class=\"slider-158 slide-163\" data-recalc-dims=\"1\" \/><\/li>\n            <\/ul>\n        <\/div>\n        \n    <\/div>\n<\/div>\n<p>Bausch\u00e4den k\u00f6nnen auftreten, wichtig ist es, so schnell wie m\u00f6glich die Ursachen aufzukl\u00e4ren und zu beseitigen. Als allgemein beeideter und gerichtlich zertifizierter Sachverst\u00e4ndiger unterst\u00fctze ich Sie neutral und unabh\u00e4ngig Schadensursachen herauszufinden und zu bewerten.<\/p>\n<p>Ich bin allgemein beeideter und gerichtlich zertifizierter Sachverst\u00e4ndiger f\u00fcr die <a href=\"http:\/\/suche.gerichts-sv.at\/Default.aspx?LV=WNB&amp;SV=W721533\" target=\"_blank\">Fachgebiete:<\/a><\/p>\n<ul>\n<li>15 Holz, Holzverarbeitung \u2013 Zimmererarbeiten: insbesondere f\u00fcr Bauphysik, ausgenommen Statik<\/li>\n<li>80 Holz, Holzverarbeitung \u2013 Holzh\u00e4user in Fertigbauweise: insbesondere f\u00fcr Bauphysik, ausgenommen Statik<\/li>\n<li>35 Bauwesen \u2013 Holzbau: insbesondere f\u00fcr Bauphysik, ausgenommen Statik<\/li>\n<\/ul>\n","protected":false},"excerpt":{"rendered":"<p>Bausch\u00e4den k\u00f6nnen auftreten, wichtig ist es, so schnell wie m\u00f6glich die Ursachen aufzukl\u00e4ren und zu beseitigen. Als allgemein beeideter und gerichtlich zertifizierter Sachverst\u00e4ndiger unterst\u00fctze ich Sie neutral und unabh\u00e4ngig Schadensursachen herauszufinden und zu bewerten. Ich bin allgemein beeideter und gerichtlich &hellip; <a href=\"https:\/\/derteibinger.at\/wordpress\/dergutachter\/\">Weiterlesen <span class=\"meta-nav\">&rarr;<\/span><\/a><\/p>\n","protected":false},"author":2,"featured_media":0,"parent":0,"menu_order":0,"comment_status":"closed","ping_status":"closed","template":"","meta":{"ngg_post_thumbnail":0,"jetpack_post_was_ever_published":false},"jetpack_sharing_enabled":true,"jetpack_shortlink":"https:\/\/wp.me\/P8k7pI-b","jetpack-related-posts":[{"id":23,"url":"https:\/\/derteibinger.at\/wordpress\/derteibinger\/","url_meta":{"origin":11,"position":0},"title":"der:Teibinger","date":"12. Januar 2017","format":false,"excerpt":"Dipl.-Ing. Dr. Martin Teibinge E-Mail: office@derteibinger.at Telefon: 0043681 840 854 60 Ausbildung: 1992-1999\u00a0 BOKU Wien, Studienrichtung Holzwirtschaft 1997-1999\u00a0 TU Wien, Studienrichtung Bauingenieurwesen\u00a0Schwerpunkte: Holzbau, Stahlbau, Bauphysik, Bauschadensvermeidung 2002-2004\u00a0 Doktoratstudium an der TU Wien mit Auszeichnung abgeschlossen Beruflicher Werdegang: 1991-1996\u00a0 diverse Praktika im Bereich der holzverarbeitenden Industrie sowie bei Ingenieurb\u00fcros 1996-2016\u00a0 wissenschaftlicher\u2026","rel":"","context":"\u00c4hnlicher Beitrag","img":{"alt_text":"","src":"","width":0,"height":0},"classes":[]},{"id":39,"url":"https:\/\/derteibinger.at\/wordpress\/kontakt\/","url_meta":{"origin":11,"position":1},"title":"Kontakt","date":"12. Januar 2017","format":false,"excerpt":"Dipl.-Ing. Dr. techn. Martin TEIBINGER Allgemein beeideter und gerichtlich zertifizierter Sachverst\u00e4ndiger Telefon: 0043681 840 854 60 Homepage: www.derteibinger.at Mail: office@derteibinger.at","rel":"","context":"\u00c4hnlicher Beitrag","img":{"alt_text":"","src":"https:\/\/i0.wp.com\/derteibinger.at\/wordpress\/wp-content\/uploads\/2017\/01\/tei-300x212.jpg?resize=350%2C200","width":350,"height":200},"classes":[]},{"id":21,"url":"https:\/\/derteibinger.at\/wordpress\/dernetzwerker\/","url_meta":{"origin":11,"position":2},"title":"der:Netzwerker","date":"12. Januar 2017","format":false,"excerpt":"Im Laufe der T\u00e4tigkeit der letzten Jahre konnte ich ein gro\u00dfes Netzwerk zu nationalen und internationalen Fachexperten aufbauen. Ein Erfahrungsaustausch unter Experten unterschiedlichster Disziplinen erm\u00f6glicht eine effiziente L\u00f6sung komplexer Problemstellungen. Wissenschaftlich-Technische Arbeitsgemeinschaft f\u00fcr Bauwerkserhaltung und Denkmalpflege e.V. (WTA): Referat 6 Bauphysik AG 6.1: Feuchtetechnische Bemessung von Holzkonstruktion Mitgliedschaft: Hauptverband der\u2026","rel":"","context":"\u00c4hnlicher Beitrag","img":{"alt_text":"","src":"","width":0,"height":0},"classes":[]},{"id":13,"url":"https:\/\/derteibinger.at\/wordpress\/derausbildner\/","url_meta":{"origin":11,"position":3},"title":"der:Ausbildner","date":"12. Januar 2017","format":false,"excerpt":"Die Freude am Vermitteln von Wissen an Jung und Alt begleitet mich schon viele Jahre und hat mein Leben positiv beeinflusst. Lehrt\u00e4tigkeit: Unterricht und Lehre seit 2004 in den F\u00e4chern Bauphysik, Brandschutz, Holzbau, hygrothermische Simulationen, Detailausf\u00fchrung und Konstruktion sowie Gestaltung und Baukultur an folgenden Ausbildungsst\u00e4tten (aktueller Stand in alphabetischer Reihenfolge):\u2026","rel":"","context":"\u00c4hnlicher Beitrag","img":{"alt_text":"","src":"","width":0,"height":0},"classes":[]},{"id":19,"url":"https:\/\/derteibinger.at\/wordpress\/derfachautor\/","url_meta":{"origin":11,"position":4},"title":"der:Fachautor","date":"12. Januar 2017","format":false,"excerpt":"Neben der Ver\u00f6ffentlichung der Forschungsergebnisse in Forschungsberichten und Fachjournals ist es wichtig, die neuen Erkenntnisse aus der Forschung zusammen mit praktischen Erfahrungen aus der Gutachtert\u00e4tigkeit zielgruppengerecht zu ver\u00f6ffentlichen. Diesen Grundsatz setzte ich sowohl bei Planungsbrosch\u00fcren der Holzforschung Austria\u00a0und ProHolz als auch als Autor und Coautor bei Fachb\u00fcchern um.\u00a0 Im Laufe\u2026","rel":"","context":"\u00c4hnlicher Beitrag","img":{"alt_text":"","src":"","width":0,"height":0},"classes":[]},{"id":126,"url":"https:\/\/derteibinger.at\/wordpress\/dervortragende\/","url_meta":{"origin":11,"position":5},"title":"der:Vortragende","date":"12. Januar 2017","format":false,"excerpt":"Die Vortragst\u00e4tigkeit begleitet mich seit \u00fcber zwei Jahrzehnten. Mit Abwechslung, einer Spur Humor und jahrelanger Routine versuche ich meine Begeisterung dem Publikum zu vermitteln. Die Einladungen zu nationalen und internationalen Kongressen reichen von Alpbach \u00fcber Garmisch bis Tokio und Z\u00fcrich. Auszug von Vortr\u00e4gen auf Fachveranstaltungen (in alphabetischer Reihenfolge): Aachener Bausachverst\u00e4ndigentage:\u2026","rel":"","context":"\u00c4hnlicher Beitrag","img":{"alt_text":"","src":"","width":0,"height":0},"classes":[]}],"_links":{"self":[{"href":"https:\/\/derteibinger.at\/wordpress\/wp-json\/wp\/v2\/pages\/11"}],"collection":[{"href":"https:\/\/derteibinger.at\/wordpress\/wp-json\/wp\/v2\/pages"}],"about":[{"href":"https:\/\/derteibinger.at\/wordpress\/wp-json\/wp\/v2\/types\/page"}],"author":[{"embeddable":true,"href":"https:\/\/derteibinger.at\/wordpress\/wp-json\/wp\/v2\/users\/2"}],"replies":[{"embeddable":true,"href":"https:\/\/derteibinger.at\/wordpress\/wp-json\/wp\/v2\/comments?post=11"}],"version-history":[{"count":5,"href":"https:\/\/derteibinger.at\/wordpress\/wp-json\/wp\/v2\/pages\/11\/revisions"}],"predecessor-version":[{"id":213,"href":"https:\/\/derteibinger.at\/wordpress\/wp-json\/wp\/v2\/pages\/11\/revisions\/213"}],"wp:attachment":[{"href":"https:\/\/derteibinger.at\/wordpress\/wp-json\/wp\/v2\/media?parent=11"}],"curies":[{"name":"wp","href":"https:\/\/api.w.org\/{rel}","templated":true}]}}